
{"id":7508,"date":"2020-11-19T15:23:06","date_gmt":"2020-11-19T12:23:06","guid":{"rendered":"https:\/\/alfadestek.com\/ihsandilek\/?page_id=7508"},"modified":"2020-11-19T15:23:06","modified_gmt":"2020-11-19T12:23:06","slug":"urunlerimiz","status":"publish","type":"page","link":"https:\/\/www.ihsandilek.com\/?page_id=7508","title":{"rendered":"\u00dcR\u00dcNLER\u0130M\u0130Z"},"content":{"rendered":"","protected":false},"excerpt":{"rendered":"","protected":false},"author":1,"featured_media":0,"parent":0,"menu_order":0,"comment_status":"closed","ping_status":"closed","template":"","meta":{"_joinchat":[]},"_links":{"self":[{"href":"https:\/\/www.ihsandilek.com\/index.php?rest_route=\/wp\/v2\/pages\/7508"}],"collection":[{"href":"https:\/\/www.ihsandilek.com\/index.php?rest_route=\/wp\/v2\/pages"}],"about":[{"href":"https:\/\/www.ihsandilek.com\/index.php?rest_route=\/wp\/v2\/types\/page"}],"author":[{"embeddable":true,"href":"https:\/\/www.ihsandilek.com\/index.php?rest_route=\/wp\/v2\/users\/1"}],"replies":[{"embeddable":true,"href":"https:\/\/www.ihsandilek.com\/index.php?rest_route=%2Fwp%2Fv2%2Fcomments&post=7508"}],"version-history":[{"count":1,"href":"https:\/\/www.ihsandilek.com\/index.php?rest_route=\/wp\/v2\/pages\/7508\/revisions"}],"predecessor-version":[{"id":7509,"href":"https:\/\/www.ihsandilek.com\/index.php?rest_route=\/wp\/v2\/pages\/7508\/revisions\/7509"}],"wp:attachment":[{"href":"https:\/\/www.ihsandilek.com\/index.php?rest_route=%2Fwp%2Fv2%2Fmedia&parent=7508"}],"curies":[{"name":"wp","href":"https:\/\/api.w.org\/{rel}","templated":true}]}}