
{"id":7445,"date":"2019-04-24T14:03:02","date_gmt":"2019-04-24T11:03:02","guid":{"rendered":"https:\/\/www.ekko-wp.com\/demo-content\/?page_id=7445"},"modified":"2023-11-13T14:14:55","modified_gmt":"2023-11-13T11:14:55","slug":"anasayfa","status":"publish","type":"page","link":"https:\/\/www.ihsandilek.com\/","title":{"rendered":"ANASAYFA"},"content":{"rendered":"<div class=\"wpb-content-wrapper\"><p>[vc_row el_class=&#8221;under-menu-topbar&#8221;][vc_column][rev_slider_vc alias=&#8221;dentist-slider&#8221;][\/vc_column][\/vc_row][vc_row full_width=&#8221;stretch_row&#8221; css=&#8221;.vc_custom_1605950713338{background-color: #46858c !important;}&#8221;][vc_column css=&#8221;.vc_custom_1516095225433{padding-right: 0px !important;padding-left: 0px !important;}&#8221;][vc_row_inner css=&#8221;.vc_custom_1539084645308{padding-top: 100px !important;padding-bottom: 73px !important;}&#8221;][vc_column_inner width=&#8221;5\/12&#8243;]<header class=\"kd-section-title col-lg-12 text-left  kd-animated fadeIn  \" data-animation-delay=200><h2 class=\"separator_off\" style=\"color: #ffffff;\">\u0130hsan Dilek<br \/>\nmetal mobilya tasar\u0131m<\/h2><\/header>[vc_column_text]<\/p>\n<p style=\"text-align: justify;\"><span style=\"color: #ffffff;\">Tecr\u00fcbesi ve sekt\u00f6r\u00fcnde verdi\u011fi g\u00fcven duygusu ile k\u0131sa s\u00fcrede \u00fcr\u00fcn yelpazesini geni\u015fleterek bug\u00fcnk\u00fc kurumsal kimli\u011fine ula\u015fm\u0131\u015ft\u0131r. Ticaret alan\u0131nda prensipleriyle m\u00fc\u015fteri nezdinde g\u00fcven kap\u0131s\u0131 haline gelen firmam\u0131z, m\u00fc\u015fterilerinin ihtiya\u00e7lar\u0131 do\u011frultusunda mobilya aksesuar sat\u0131\u015f\u0131na ba\u015flam\u0131\u015ft\u0131r.<\/span><\/p>\n<p style=\"text-align: justify;\"><span style=\"color: #ffffff;\">Sekt\u00f6r\u00fcnde yapt\u0131\u011f\u0131 be\u011fenilen \u00e7al\u0131\u015fmalar\u0131yla proje ve bireysel olarak m\u00fc\u015fterilerinin talepleri do\u011frultusunda mobilya dekorasyon alan\u0131nda modern, profesyonel makina parkuru ve uzman kadrosuyla \u00fcretime ba\u015flam\u0131\u015ft\u0131r.<\/span><\/p>\n<p style=\"text-align: justify;\"><span style=\"color: #ffffff;\">Yaln\u0131zca i\u015flevsel ya da estetik mek\u00e2nlar tasarlam\u0131yor, onlar\u0131 farkl\u0131 ve \u00f6zel k\u0131lmak i\u00e7in \u00e7abal\u0131yoruz. Ya\u015fam kalitesi ve konforu \u00f6n plana \u00e7\u0131karacak, ayn\u0131 zamanda kusursuz anlar i\u00e7in f\u0131rsat olu\u015fturacak \u00e7\u00f6z\u00fcmler sunuyoruz.<\/span><\/p>\n<p>[\/vc_column_text][\/vc_column_inner][vc_column_inner width=&#8221;1\/12&#8243;][\/vc_column_inner][vc_column_inner width=&#8221;1\/2&#8243;][vc_single_image image=&#8221;7520&#8243; img_size=&#8221;full&#8221;][\/vc_column_inner][\/vc_row_inner][\/vc_column][\/vc_row][vc_row full_width=&#8221;stretch_row&#8221; css=&#8221;.vc_custom_1605950762969{background-color: #1a5963 !important;}&#8221;][vc_column css=&#8221;.vc_custom_1516009024901{padding-right: 0px !important;padding-left: 0px !important;}&#8221;][vc_row_inner css=&#8221;.vc_custom_1540389446210{padding-top: 100px !important;padding-bottom: 100px !important;}&#8221;][vc_column_inner width=&#8221;1\/3&#8243; css=&#8221;.vc_custom_1516009093233{padding-right: 0px !important;padding-left: 0px !important;}&#8221;]<div class=\"key-icon-box icon-default icon-top cont-center ib-hover-1  kd-animated fadeInUp\" style=\"background-color: transparent;\" ><a href=\"#\" target=\"\"><div class=\"ib-wrapper\"><i class=\"iconsmind-Arrow-Refresh2 iconsmind-Arrows\" style=\"font-size: 52px; \"><\/i> <h6 class=\"service-heading\" style=\"color: #ffffff;\">\u00d6l\u00e7\u00fclendirme ve Projelendirme<\/h6><p style=\"color: #ffffff;\">\u00d6l\u00e7\u00fclendirme ve projelendirmede kafan\u0131zda soru i\u015fareti b\u0131rakmayacak \u015fekilde \u00e7al\u0131\u015f\u0131yoruz.<\/p><\/div><\/a><\/div>[\/vc_column_inner][vc_column_inner width=&#8221;1\/3&#8243; css=&#8221;.vc_custom_1516009109505{padding-right: 0px !important;padding-left: 0px !important;}&#8221;]<div class=\"key-icon-box icon-default icon-top cont-center ib-hover-1  kd-animated fadeInUp\" style=\"background-color: transparent;\" data-animation-delay=200><a href=\"#\" target=\"\"><div class=\"ib-wrapper\"><i class=\"fas fa-chair\" style=\"font-size: 52px; \"><\/i> <h6 class=\"service-heading\" style=\"color: #ffffff;\">Kaliteli Malzeme ve \u0130\u015f\u00e7ilik<\/h6><p style=\"color: #ffffff;\">En kaliteli malzemeler, i\u015finin ehliustalar\u0131n elinde birer sanat eserine d\u00f6n\u00fc\u015f\u00fcyor.<\/p><\/div><\/a><\/div>[\/vc_column_inner][vc_column_inner width=&#8221;1\/3&#8243; css=&#8221;.vc_custom_1516009124658{padding-right: 0px !important;padding-left: 0px !important;}&#8221;]<div class=\"key-icon-box icon-default icon-top cont-center ib-hover-1  kd-animated fadeInUp\" style=\"background-color: transparent;\" data-animation-delay=400><a href=\"#\" target=\"\"><div class=\"ib-wrapper\"><i class=\"iconsmind-Clock-4 iconsmind-Time\" style=\"font-size: 52px; \"><\/i> <h6 class=\"service-heading\" style=\"color: #ffffff;\">Zaman\u0131nda Teslim ve Montaj<\/h6><p style=\"color: #ffffff;\">\u0130\u015finizi zaman\u0131nda teslim etmenin \u00f6nemini bildi\u011fimizden, do\u011fru i\u015f program\u0131 uyguluyoruz.<\/p><\/div><\/a><\/div>[\/vc_column_inner][\/vc_row_inner][\/vc_column][\/vc_row][vc_row full_width=&#8221;stretch_row&#8221; css=&#8221;.vc_custom_1605950784024{padding-top: 96px !important;background-color: #46858c !important;}&#8221;][vc_column width=&#8221;1\/4&#8243;]<div class=\"kd-photobox  \" ><a href=\"https:\/\/www.ihsandilek.com\/?page_id=7523\"  title=\"\u00c7ALI\u015eMA MASALARI\"><div class=\"photobox-img\"><img width=\"564\" height=\"566\" src=\"https:\/\/www.ihsandilek.com\/wp-content\/uploads\/2020\/11\/45e7a6ea19e5ee1ffd32be5b285d2226-1.jpg\" class=\"attachment-full\" alt=\"\" decoding=\"async\" loading=\"lazy\" title=\"45e7a6ea19e5ee1ffd32be5b285d2226\" srcset=\"https:\/\/www.ihsandilek.com\/wp-content\/uploads\/2020\/11\/45e7a6ea19e5ee1ffd32be5b285d2226-1.jpg 564w, https:\/\/www.ihsandilek.com\/wp-content\/uploads\/2020\/11\/45e7a6ea19e5ee1ffd32be5b285d2226-1-300x300.jpg 300w, https:\/\/www.ihsandilek.com\/wp-content\/uploads\/2020\/11\/45e7a6ea19e5ee1ffd32be5b285d2226-1-150x150.jpg 150w, https:\/\/www.ihsandilek.com\/wp-content\/uploads\/2020\/11\/45e7a6ea19e5ee1ffd32be5b285d2226-1-320x320.jpg 320w\" sizes=\"(max-width: 564px) 100vw, 564px\" \/><\/div><div class=\"phb-content text-center \" >\n                  <h5 >\u00c7ALI\u015eMA MASALARI<\/h5>\n                  <p ><\/p><\/div><\/a><\/div>[\/vc_column][vc_column width=&#8221;1\/4&#8243;]<div class=\"kd-photobox  \" ><a href=\"https:\/\/www.ihsandilek.com\/?page_id=7527\"  title=\"\u00c7ALI\u015eMA MASALARI\"><div class=\"photobox-img\"><img width=\"564\" height=\"564\" src=\"https:\/\/www.ihsandilek.com\/wp-content\/uploads\/2020\/11\/ac96338d2c834819b876f344df79de9f-1.jpg\" class=\"attachment-full\" alt=\"\" decoding=\"async\" loading=\"lazy\" title=\"ac96338d2c834819b876f344df79de9f\" srcset=\"https:\/\/www.ihsandilek.com\/wp-content\/uploads\/2020\/11\/ac96338d2c834819b876f344df79de9f-1.jpg 564w, https:\/\/www.ihsandilek.com\/wp-content\/uploads\/2020\/11\/ac96338d2c834819b876f344df79de9f-1-300x300.jpg 300w, https:\/\/www.ihsandilek.com\/wp-content\/uploads\/2020\/11\/ac96338d2c834819b876f344df79de9f-1-150x150.jpg 150w, https:\/\/www.ihsandilek.com\/wp-content\/uploads\/2020\/11\/ac96338d2c834819b876f344df79de9f-1-320x320.jpg 320w\" sizes=\"(max-width: 564px) 100vw, 564px\" \/><\/div><div class=\"phb-content text-center \" >\n                  <h5 >\u00c7\u0130\u00c7EKL\u0130K<\/h5>\n                  <p ><\/p><\/div><\/a><\/div>[\/vc_column][vc_column width=&#8221;1\/4&#8243;]<div class=\"kd-photobox  \" ><a href=\"https:\/\/www.ihsandilek.com\/?page_id=7535\"  title=\"\u00c7ALI\u015eMA MASALARI\"><div class=\"photobox-img\"><img width=\"564\" height=\"564\" src=\"https:\/\/www.ihsandilek.com\/wp-content\/uploads\/2020\/11\/815e784fac39bf930f3c22e9db9addcc-1.jpg\" class=\"attachment-full\" alt=\"\" decoding=\"async\" loading=\"lazy\" title=\"815e784fac39bf930f3c22e9db9addcc\" srcset=\"https:\/\/www.ihsandilek.com\/wp-content\/uploads\/2020\/11\/815e784fac39bf930f3c22e9db9addcc-1.jpg 564w, https:\/\/www.ihsandilek.com\/wp-content\/uploads\/2020\/11\/815e784fac39bf930f3c22e9db9addcc-1-300x300.jpg 300w, https:\/\/www.ihsandilek.com\/wp-content\/uploads\/2020\/11\/815e784fac39bf930f3c22e9db9addcc-1-150x150.jpg 150w, https:\/\/www.ihsandilek.com\/wp-content\/uploads\/2020\/11\/815e784fac39bf930f3c22e9db9addcc-1-320x320.jpg 320w\" sizes=\"(max-width: 564px) 100vw, 564px\" \/><\/div><div class=\"phb-content text-center \" >\n                  <h5 >DRESUAR<\/h5>\n                  <p ><\/p><\/div><\/a><\/div>[\/vc_column][vc_column width=&#8221;1\/4&#8243;]<div class=\"kd-photobox  \" ><a href=\"https:\/\/www.ihsandilek.com\/?page_id=7523\"  title=\"\u00c7ALI\u015eMA MASALARI\"><div class=\"photobox-img\"><img width=\"564\" height=\"564\" src=\"https:\/\/www.ihsandilek.com\/wp-content\/uploads\/2020\/11\/9f40c157472536fc3ebe858d139d5cbc.jpg\" class=\"attachment-full\" alt=\"\" decoding=\"async\" loading=\"lazy\" title=\"9f40c157472536fc3ebe858d139d5cbc\" srcset=\"https:\/\/www.ihsandilek.com\/wp-content\/uploads\/2020\/11\/9f40c157472536fc3ebe858d139d5cbc.jpg 564w, https:\/\/www.ihsandilek.com\/wp-content\/uploads\/2020\/11\/9f40c157472536fc3ebe858d139d5cbc-300x300.jpg 300w, https:\/\/www.ihsandilek.com\/wp-content\/uploads\/2020\/11\/9f40c157472536fc3ebe858d139d5cbc-150x150.jpg 150w, https:\/\/www.ihsandilek.com\/wp-content\/uploads\/2020\/11\/9f40c157472536fc3ebe858d139d5cbc-320x320.jpg 320w\" sizes=\"(max-width: 564px) 100vw, 564px\" \/><\/div><div class=\"phb-content text-center \" >\n                  <h5 >K\u0130TAPLIK<\/h5>\n                  <p ><\/p><\/div><\/a><\/div>[\/vc_column][\/vc_row][vc_row full_width=&#8221;stretch_row&#8221; css=&#8221;.vc_custom_1605950784024{padding-top: 96px !important;background-color: #46858c !important;}&#8221;][vc_column width=&#8221;1\/4&#8243;]<div class=\"kd-photobox  \" ><a href=\"https:\/\/www.ihsandilek.com\/?page_id=7527\"  title=\"\u00c7ALI\u015eMA MASALARI\"><div class=\"photobox-img\"><img width=\"405\" height=\"405\" src=\"https:\/\/www.ihsandilek.com\/wp-content\/uploads\/2020\/11\/f030322483bd902f776ae64d54985ee8.jpg\" class=\"attachment-full\" alt=\"\" decoding=\"async\" loading=\"lazy\" title=\"f030322483bd902f776ae64d54985ee8\" srcset=\"https:\/\/www.ihsandilek.com\/wp-content\/uploads\/2020\/11\/f030322483bd902f776ae64d54985ee8.jpg 405w, https:\/\/www.ihsandilek.com\/wp-content\/uploads\/2020\/11\/f030322483bd902f776ae64d54985ee8-300x300.jpg 300w, https:\/\/www.ihsandilek.com\/wp-content\/uploads\/2020\/11\/f030322483bd902f776ae64d54985ee8-150x150.jpg 150w, https:\/\/www.ihsandilek.com\/wp-content\/uploads\/2020\/11\/f030322483bd902f776ae64d54985ee8-320x320.jpg 320w\" sizes=\"(max-width: 405px) 100vw, 405px\" \/><\/div><div class=\"phb-content text-center \" >\n                  <h5 >MASALAR<\/h5>\n                  <p ><\/p><\/div><\/a><\/div>[\/vc_column][vc_column width=&#8221;1\/4&#8243;]<div class=\"kd-photobox  \" ><a href=\"https:\/\/www.ihsandilek.com\/?page_id=7535\"  title=\"\u00c7ALI\u015eMA MASALARI\"><div class=\"photobox-img\"><img width=\"564\" height=\"564\" src=\"https:\/\/www.ihsandilek.com\/wp-content\/uploads\/2020\/11\/3422.jpg\" class=\"attachment-full\" alt=\"\" decoding=\"async\" loading=\"lazy\" title=\"3422\" srcset=\"https:\/\/www.ihsandilek.com\/wp-content\/uploads\/2020\/11\/3422.jpg 564w, https:\/\/www.ihsandilek.com\/wp-content\/uploads\/2020\/11\/3422-300x300.jpg 300w, https:\/\/www.ihsandilek.com\/wp-content\/uploads\/2020\/11\/3422-150x150.jpg 150w, https:\/\/www.ihsandilek.com\/wp-content\/uploads\/2020\/11\/3422-320x320.jpg 320w\" sizes=\"(max-width: 564px) 100vw, 564px\" \/><\/div><div class=\"phb-content text-center \" >\n                  <h5 >SANDALYELER<\/h5>\n                  <p ><\/p><\/div><\/a><\/div>[\/vc_column][vc_column width=&#8221;1\/4&#8243;]<div class=\"kd-photobox  \" ><a href=\"https:\/\/www.ihsandilek.com\/?page_id=7523\"  title=\"\u00c7ALI\u015eMA MASALARI\"><div class=\"photobox-img\"><img width=\"1005\" height=\"1000\" src=\"https:\/\/www.ihsandilek.com\/wp-content\/uploads\/2020\/11\/b505daed8d9682a3736b4a077fb6b20b.jpg\" class=\"attachment-full\" alt=\"\" decoding=\"async\" loading=\"lazy\" title=\"b505daed8d9682a3736b4a077fb6b20b\" srcset=\"https:\/\/www.ihsandilek.com\/wp-content\/uploads\/2020\/11\/b505daed8d9682a3736b4a077fb6b20b.jpg 1005w, https:\/\/www.ihsandilek.com\/wp-content\/uploads\/2020\/11\/b505daed8d9682a3736b4a077fb6b20b-300x300.jpg 300w, https:\/\/www.ihsandilek.com\/wp-content\/uploads\/2020\/11\/b505daed8d9682a3736b4a077fb6b20b-150x150.jpg 150w, https:\/\/www.ihsandilek.com\/wp-content\/uploads\/2020\/11\/b505daed8d9682a3736b4a077fb6b20b-768x764.jpg 768w, https:\/\/www.ihsandilek.com\/wp-content\/uploads\/2020\/11\/b505daed8d9682a3736b4a077fb6b20b-800x796.jpg 800w\" sizes=\"(max-width: 1005px) 100vw, 1005px\" \/><\/div><div class=\"phb-content text-center \" >\n                  <h5 >SEHPALAR<\/h5>\n                  <p ><\/p><\/div><\/a><\/div>[\/vc_column][vc_column width=&#8221;1\/4&#8243;][\/vc_column][\/vc_row][vc_row full_width=&#8221;stretch_row_content_no_spaces&#8221;][vc_column][vc_gmaps link=&#8221;#E-8_JTNDaWZyYW1lJTIwc3JjJTNEJTIyaHR0cHMlM0ElMkYlMkZ3d3cuZ29vZ2xlLmNvbSUyRm1hcHMlMkZlbWJlZCUzRnBiJTNEJTIxMW0xOCUyMTFtMTIlMjExbTMlMjExZDQzMjUuMzY3Mzc5Mzk3NzE1JTIxMmQzMi45MDc1OTc3MjM0MzM3NSUyMTNkMzkuOTUyNjQ4NDEwMjQ4NDIlMjEybTMlMjExZjAlMjEyZjAlMjEzZjAlMjEzbTIlMjExaTEwMjQlMjEyaTc2OCUyMTRmMTMuMSUyMTNtMyUyMTFtMiUyMTFzMHgxNGQzNTIwZTJiZWZkYzQxJTI1M0EweGVjMTljOThhZmY3YzQ5MzYlMjEyenc1WnVaR1Z5TENCRVpXMXBjbWhsYm1SbGF5QkRaQzRnVG04Nk1UZzRMQ0F3TmpFMk5TQkJiSFRFc1c1a1ljU2ZMMEZ1YTJGeVlRJTIxNWUwJTIxM20yJTIxMXN0ciUyMTJzdHIlMjE0djE2MDU3OTU0MTM2MjElMjE1bTIlMjExc3RyJTIxMnN0ciUyMiUyMHdpZHRoJTNEJTIyMTAwJTI1JTIyJTIwaGVpZ2h0JTNEJTIyNDUwJTIyJTIwZnJhbWVib3JkZXIlM0QlMjIwJTIyJTIwc3R5bGUlM0QlMjJib3JkZXIlM0EwJTNCJTIyJTIwYWxsb3dmdWxsc2NyZWVuJTNEJTIyJTIyJTIwYXJpYS1oaWRkZW4lM0QlMjJmYWxzZSUyMiUyMHRhYmluZGV4JTNEJTIyMCUyMiUzRSUzQyUyRmlmcmFtZSUzRQ==&#8221;][\/vc_column][\/vc_row][vc_row][vc_column][vc_column_text]<br \/>\n[\/vc_column_text][\/vc_column][\/vc_row]<\/p>\n<\/div>","protected":false},"excerpt":{"rendered":"<p>[vc_row el_class=&#8221;under-menu-topbar&#8221;][vc_column][rev_slider_vc alias=&#8221;dentist-slider&#8221;][\/vc_column][\/vc_row][vc_row full_width=&#8221;stretch_row&#8221; css=&#8221;.vc_custom_1605950713338{background-color: #46858c !important;}&#8221;][vc_column css=&#8221;.vc_custom_1516095225433{padding-right: 0px !important;padding-left: 0px !important;}&#8221;][vc_row_inner css=&#8221;.vc_custom_1539084645308{padding-top: 100px !important;padding-bottom: 73px !important;}&#8221;][vc_column_inner width=&#8221;5\/12&#8243;][vc_column_text] Tecr\u00fcbesi ve [&hellip;]<\/p>\n","protected":false},"author":1,"featured_media":0,"parent":0,"menu_order":0,"comment_status":"closed","ping_status":"closed","template":"","meta":{"_joinchat":[]},"_links":{"self":[{"href":"https:\/\/www.ihsandilek.com\/index.php?rest_route=\/wp\/v2\/pages\/7445"}],"collection":[{"href":"https:\/\/www.ihsandilek.com\/index.php?rest_route=\/wp\/v2\/pages"}],"about":[{"href":"https:\/\/www.ihsandilek.com\/index.php?rest_route=\/wp\/v2\/types\/page"}],"author":[{"embeddable":true,"href":"https:\/\/www.ihsandilek.com\/index.php?rest_route=\/wp\/v2\/users\/1"}],"replies":[{"embeddable":true,"href":"https:\/\/www.ihsandilek.com\/index.php?rest_route=%2Fwp%2Fv2%2Fcomments&post=7445"}],"version-history":[{"count":44,"href":"https:\/\/www.ihsandilek.com\/index.php?rest_route=\/wp\/v2\/pages\/7445\/revisions"}],"predecessor-version":[{"id":8337,"href":"https:\/\/www.ihsandilek.com\/index.php?rest_route=\/wp\/v2\/pages\/7445\/revisions\/8337"}],"wp:attachment":[{"href":"https:\/\/www.ihsandilek.com\/index.php?rest_route=%2Fwp%2Fv2%2Fmedia&parent=7445"}],"curies":[{"name":"wp","href":"https:\/\/api.w.org\/{rel}","templated":true}]}}